{"id":244930,"date":"2021-01-20T16:51:19","date_gmt":"2021-01-20T16:51:19","guid":{"rendered":"https:\/\/procyonguards.com\/product\/boite-de-securite-electrique\/"},"modified":"2021-04-15T04:41:26","modified_gmt":"2021-04-15T04:41:26","slug":"boite-de-securite-electrique","status":"publish","type":"product","link":"https:\/\/procyonguards.com\/fr\/produit\/boite-de-securite-electrique\/","title":{"rendered":"Bo\u00eete de s\u00e9curit\u00e9 \u00e9lectrique"},"content":{"rendered":"<p>[et_pb_section fb_built=&#8221;1&#8243; _builder_version=&#8221;4.6.1&#8243; _module_preset=&#8221;default&#8221;][et_pb_row _builder_version=&#8221;4.7.4&#8243; _module_preset=&#8221;default&#8221;][et_pb_column _builder_version=&#8221;4.7.4&#8243; _module_preset=&#8221;default&#8221; type=&#8221;4_4&#8243;][et_pb_text _builder_version=&#8221;4.7.4&#8243; _module_preset=&#8221;default&#8221; text_font=&#8221;Montserrat|800|||||||&#8221; text_text_color=&#8221;#000000&#8243; text_font_size=&#8221;48px&#8221; text_orientation=&#8221;center&#8221; custom_margin=&#8221;||39px||false|false&#8221; text_font_size_tablet=&#8221;&#8221; text_font_size_phone=&#8221;22px&#8221; text_font_size_last_edited=&#8221;on|phone&#8221; text_text_shadow_style=&#8221;preset1&#8243;]<\/p>\n<p>Facile d&#8217;installation<\/p>\n<p>[\/et_pb_text][et_pb_video src=&#8221;https:\/\/procyonguards.com\/wp-content\/uploads\/2021\/03\/\ud83c\udd95drill-Press-Guards-\ud83c\udffb-Drill-Press-Spindle-Guard-2020.mp4&#8243; _builder_version=&#8221;4.7.4&#8243; _module_preset=&#8221;default&#8221; title_text=&#8221;boite-electrique-de-securite&#8221; box_shadow_style=&#8221;preset4&#8243; hover_enabled=&#8221;0&#8243; sticky_enabled=&#8221;0&#8243; thumbnail_overlay_color=&#8221;rgba(0,0,0,0.6)&#8221; image_src=&#8221;https:\/\/procyonguards.com\/wp-content\/uploads\/2021\/04\/boite-electrique-de-securite.jpg&#8221;][\/et_pb_video][\/et_pb_column][\/et_pb_row][\/et_pb_section]<\/p>\n","protected":false},"excerpt":{"rendered":"<p>Nous vous offrons des bo\u00eetes d\u2019arr\u00eat et de d\u00e9marrage \u00e9lectrique pour les machines-outils avec un bouton d\u2019arr\u00eat d\u2019urgence.<\/p>\n","protected":false},"featured_media":244931,"template":"","meta":{"_et_pb_use_builder":"on","_et_pb_old_content":"<p>Bouton de d\u00e9marrage, d'arr\u00eat et d'arr\u00eat d'urgence (Schneider) Contacteur magn\u00e9tique (Schneider) (LC1K1210G7120V)<\/p>\r\n<ul>\r\n<li>Tension de commande 120vac<\/li>\r\n<li>Tension du linge 12v \u00e0 600v<\/li>\r\n<li>120v = 1hp<\/li>\r\n<li>208v ou 240v 1ph = 2hp<\/li>\r\n<li>208v ou 240v 3ph = 3hp<\/li>\r\n<li>480v 3ph = 7,5 ch<\/li>\r\n<li>575v 3ph = 10hp<\/li>\r\n<\/ul>","_et_gb_content_width":""},"product_brand":[],"product_cat":[71,56],"product_tag":[72],"class_list":{"0":"post-244930","1":"product","2":"type-product","3":"status-publish","4":"has-post-thumbnail","6":"product_cat-boite-de-securite-electrique","7":"product_cat-procyon-fr","8":"product_tag-boite-de-securite-electrique","10":"first","11":"instock","12":"taxable","13":"shipping-taxable","14":"purchasable","15":"product-type-simple"},"_links":{"self":[{"href":"https:\/\/procyonguards.com\/fr\/wp-json\/wp\/v2\/product\/244930","targetHints":{"allow":["GET"]}}],"collection":[{"href":"https:\/\/procyonguards.com\/fr\/wp-json\/wp\/v2\/product"}],"about":[{"href":"https:\/\/procyonguards.com\/fr\/wp-json\/wp\/v2\/types\/product"}],"wp:featuredmedia":[{"embeddable":true,"href":"https:\/\/procyonguards.com\/fr\/wp-json\/wp\/v2\/media\/244931"}],"wp:attachment":[{"href":"https:\/\/procyonguards.com\/fr\/wp-json\/wp\/v2\/media?parent=244930"}],"wp:term":[{"taxonomy":"product_brand","embeddable":true,"href":"https:\/\/procyonguards.com\/fr\/wp-json\/wp\/v2\/product_brand?post=244930"},{"taxonomy":"product_cat","embeddable":true,"href":"https:\/\/procyonguards.com\/fr\/wp-json\/wp\/v2\/product_cat?post=244930"},{"taxonomy":"product_tag","embeddable":true,"href":"https:\/\/procyonguards.com\/fr\/wp-json\/wp\/v2\/product_tag?post=244930"}],"curies":[{"name":"wp","href":"https:\/\/api.w.org\/{rel}","templated":true}]}}